{"id":2,"date":"2024-09-24T10:46:40","date_gmt":"2024-09-24T08:46:40","guid":{"rendered":"https:\/\/szabadbirosag.coraldesign.eu\/?page_id=2"},"modified":"2024-10-16T11:53:11","modified_gmt":"2024-10-16T09:53:11","slug":"ez-egy-minta-oldal","status":"publish","type":"page","link":"https:\/\/szabadbirosag.hu\/","title":{"rendered":"Szabad B\u00edr\u00f3s\u00e1g"},"content":{"rendered":"\t\t<div data-elementor-type=\"wp-page\" data-elementor-id=\"2\" class=\"elementor elementor-2\" data-elementor-post-type=\"page\">\n\t\t\t\t<div class=\"elementor-element elementor-element-639fefa e-flex e-con-boxed e-con e-parent\" data-id=\"639fefa\" data-element_type=\"container\" data-e-type=\"container\" id=\"szabadbirosag\">\n\t\t\t\t\t<div class=\"e-con-inner\">\n\t\t<div class=\"elementor-element elementor-element-9231bc6 e-con-full e-flex e-con e-child\" data-id=\"9231bc6\" data-element_type=\"container\" data-e-type=\"container\">\n\t\t\t\t<div class=\"elementor-element elementor-element-4a50b0dd elementor-widget elementor-widget-text-editor\" data-id=\"4a50b0dd\" data-element_type=\"widget\" data-e-type=\"widget\" data-widget_type=\"text-editor.default\">\n\t\t\t\t<div class=\"elementor-widget-container\">\n\t\t\t\t\t\t\t\t\t<p><strong>\u00a0Mindannyian biztosak akarunk abban lenni, hogy a jogainkat ak\u00e1r a b\u00edr\u00f3s\u00e1gokon is k\u00e9pviselni tudjuk. Ehhez azoknak mindenki sz\u00e1m\u00e1ra hozz\u00e1f\u00e9rhet\u0151nek kell lenni\u00fck. Ma Magyarorsz\u00e1gon azonban legfeljebb 28 500 forintos egy f\u0151re es\u0151 havi j\u00f6vedelem eset\u00e9n biztos\u00edtja az \u00e1llam az ingyenes jogi seg\u00edts\u00e9get, \u00e9s ennek hat\u00e1s\u00e1ra emberek t\u00f6megei esnek el ett\u0151l a lehet\u0151s\u00e9gt\u0151l.\u00a0<\/strong><\/p>\n<p>\u00a0C\u00e9lunk, hogy a korm\u00e1ny v\u00e9gre v\u00e1ltoztasson ezen a tarthatatlan helyzeten, \u00e9s megemelje ezt az abszurdan alacsony j\u00f6vedelmi hat\u00e1rt, hogy sokkal t\u00f6bben kaphassanak seg\u00edts\u00e9get \u00e9s v\u00e9delmet. Elemz\u00e9s\u00fcnk szerint a k\u00f6lts\u00e9gvet\u00e9s szempontj\u00e1b\u00f3l elhanyagolhat\u00f3 \u00f6sszegb\u0151l a jelenlegin\u00e9l nyolcszor t\u00f6bb ember sz\u00e1m\u00e1ra lenne el\u00e9rhet\u0151 az ingyenes seg\u00edts\u00e9g, amellyel \u00f3ri\u00e1si l\u00e9p\u00e9st tehetn\u00e9nk egy igazs\u00e1gosabb t\u00e1rsadalom fel\u00e9.<\/p>\t\t\t\t\t\t\t\t<\/div>\n\t\t\t\t<\/div>\n\t\t\t\t<\/div>\n\t\t\t\t\t<\/div>\n\t\t\t\t<\/div>\n\t\t<div class=\"elementor-element elementor-element-3cf18a68 e-flex e-con-boxed e-con e-parent\" data-id=\"3cf18a68\" data-element_type=\"container\" data-e-type=\"container\">\n\t\t\t\t\t<div class=\"e-con-inner\">\n\t\t\t\t\t<\/div>\n\t\t\t\t<\/div>\n\t\t\t\t<\/div>\n\t\t","protected":false},"excerpt":{"rendered":"<p>\u00a0Mindannyian biztosak akarunk abban lenni, hogy a jogainkat ak\u00e1r a b\u00edr\u00f3s\u00e1gokon is k\u00e9pviselni tudjuk. Ehhez azoknak mindenki sz\u00e1m\u00e1ra hozz\u00e1f\u00e9rhet\u0151nek kell lenni\u00fck. Ma Magyarorsz\u00e1gon azonban legfeljebb 28 500 forintos egy f\u0151re es\u0151 havi j\u00f6vedelem eset\u00e9n biztos\u00edtja az \u00e1llam az ingyenes jogi seg\u00edts\u00e9get, \u00e9s ennek hat\u00e1s\u00e1ra emberek t\u00f6megei esnek el ett\u0151l a lehet\u0151s\u00e9gt\u0151l.\u00a0 \u00a0C\u00e9lunk, hogy a korm\u00e1ny [&hellip;]<\/p>\n","protected":false},"author":1,"featured_media":0,"parent":0,"menu_order":0,"comment_status":"closed","ping_status":"open","template":"","meta":{"footnotes":""},"class_list":["post-2","page","type-page","status-publish","hentry"],"yoast_head":"<!-- This site is optimized with the Yoast SEO plugin v27.3 - https:\/\/yoast.com\/product\/yoast-seo-wordpress\/ -->\n<title>Szabad B\u00edr\u00f3s\u00e1g - Szabad B\u00edr\u00f3s\u00e1g<\/title>\n<meta name=\"robots\" content=\"index, follow, max-snippet:-1, max-image-preview:large, max-video-preview:-1\" \/>\n<link rel=\"canonical\" href=\"https:\/\/szabadbirosag.hu\/\" \/>\n<meta property=\"og:locale\" content=\"hu_HU\" \/>\n<meta property=\"og:type\" content=\"article\" \/>\n<meta property=\"og:title\" content=\"Szabad B\u00edr\u00f3s\u00e1g - Szabad B\u00edr\u00f3s\u00e1g\" \/>\n<meta property=\"og:description\" content=\"\u00a0Mindannyian biztosak akarunk abban lenni, hogy a jogainkat ak\u00e1r a b\u00edr\u00f3s\u00e1gokon is k\u00e9pviselni tudjuk. Ehhez azoknak mindenki sz\u00e1m\u00e1ra hozz\u00e1f\u00e9rhet\u0151nek kell lenni\u00fck. Ma Magyarorsz\u00e1gon azonban legfeljebb 28 500 forintos egy f\u0151re es\u0151 havi j\u00f6vedelem eset\u00e9n biztos\u00edtja az \u00e1llam az ingyenes jogi seg\u00edts\u00e9get, \u00e9s ennek hat\u00e1s\u00e1ra emberek t\u00f6megei esnek el ett\u0151l a lehet\u0151s\u00e9gt\u0151l.\u00a0 \u00a0C\u00e9lunk, hogy a korm\u00e1ny [&hellip;]\" \/>\n<meta property=\"og:url\" content=\"https:\/\/szabadbirosag.hu\/\" \/>\n<meta property=\"og:site_name\" content=\"Szabad B\u00edr\u00f3s\u00e1g\" \/>\n<meta property=\"article:modified_time\" content=\"2024-10-16T09:53:11+00:00\" \/>\n<meta name=\"twitter:card\" content=\"summary_large_image\" \/>\n<meta name=\"twitter:label1\" content=\"Becs\u00fclt olvas\u00e1si id\u0151\" \/>\n\t<meta name=\"twitter:data1\" content=\"1 perc\" \/>\n<script type=\"application\/ld+json\" class=\"yoast-schema-graph\">{\"@context\":\"https:\\\/\\\/schema.org\",\"@graph\":[{\"@type\":\"WebPage\",\"@id\":\"https:\\\/\\\/szabadbirosag.hu\\\/\",\"url\":\"https:\\\/\\\/szabadbirosag.hu\\\/\",\"name\":\"Szabad B\u00edr\u00f3s\u00e1g - Szabad B\u00edr\u00f3s\u00e1g\",\"isPartOf\":{\"@id\":\"https:\\\/\\\/szabadbirosag.hu\\\/#website\"},\"datePublished\":\"2024-09-24T08:46:40+00:00\",\"dateModified\":\"2024-10-16T09:53:11+00:00\",\"breadcrumb\":{\"@id\":\"https:\\\/\\\/szabadbirosag.hu\\\/#breadcrumb\"},\"inLanguage\":\"hu\",\"potentialAction\":[{\"@type\":\"ReadAction\",\"target\":[\"https:\\\/\\\/szabadbirosag.hu\\\/\"]}]},{\"@type\":\"BreadcrumbList\",\"@id\":\"https:\\\/\\\/szabadbirosag.hu\\\/#breadcrumb\",\"itemListElement\":[{\"@type\":\"ListItem\",\"position\":1,\"name\":\"Home\",\"item\":\"https:\\\/\\\/szabadbirosag.hu\\\/\"},{\"@type\":\"ListItem\",\"position\":2,\"name\":\"Szabad B\u00edr\u00f3s\u00e1g\"}]},{\"@type\":\"WebSite\",\"@id\":\"https:\\\/\\\/szabadbirosag.hu\\\/#website\",\"url\":\"https:\\\/\\\/szabadbirosag.hu\\\/\",\"name\":\"Szabad B\u00edr\u00f3s\u00e1g\",\"description\":\"b\u00edr\u00f3s\u00e1ghoz fordulni szabad\",\"publisher\":{\"@id\":\"https:\\\/\\\/szabadbirosag.hu\\\/#organization\"},\"potentialAction\":[{\"@type\":\"SearchAction\",\"target\":{\"@type\":\"EntryPoint\",\"urlTemplate\":\"https:\\\/\\\/szabadbirosag.hu\\\/?s={search_term_string}\"},\"query-input\":{\"@type\":\"PropertyValueSpecification\",\"valueRequired\":true,\"valueName\":\"search_term_string\"}}],\"inLanguage\":\"hu\"},{\"@type\":\"Organization\",\"@id\":\"https:\\\/\\\/szabadbirosag.hu\\\/#organization\",\"name\":\"Szabad B\u00edr\u00f3s\u00e1g\",\"url\":\"https:\\\/\\\/szabadbirosag.hu\\\/\",\"logo\":{\"@type\":\"ImageObject\",\"inLanguage\":\"hu\",\"@id\":\"https:\\\/\\\/szabadbirosag.hu\\\/#\\\/schema\\\/logo\\\/image\\\/\",\"url\":\"https:\\\/\\\/szabadbirosag.hu\\\/wp-content\\\/uploads\\\/2024\\\/09\\\/logo.png\",\"contentUrl\":\"https:\\\/\\\/szabadbirosag.hu\\\/wp-content\\\/uploads\\\/2024\\\/09\\\/logo.png\",\"width\":596,\"height\":268,\"caption\":\"Szabad B\u00edr\u00f3s\u00e1g\"},\"image\":{\"@id\":\"https:\\\/\\\/szabadbirosag.hu\\\/#\\\/schema\\\/logo\\\/image\\\/\"}}]}<\/script>\n<!-- \/ Yoast SEO plugin. -->","yoast_head_json":{"title":"Szabad B\u00edr\u00f3s\u00e1g - Szabad B\u00edr\u00f3s\u00e1g","robots":{"index":"index","follow":"follow","max-snippet":"max-snippet:-1","max-image-preview":"max-image-preview:large","max-video-preview":"max-video-preview:-1"},"canonical":"https:\/\/szabadbirosag.hu\/","og_locale":"hu_HU","og_type":"article","og_title":"Szabad B\u00edr\u00f3s\u00e1g - Szabad B\u00edr\u00f3s\u00e1g","og_description":"\u00a0Mindannyian biztosak akarunk abban lenni, hogy a jogainkat ak\u00e1r a b\u00edr\u00f3s\u00e1gokon is k\u00e9pviselni tudjuk. Ehhez azoknak mindenki sz\u00e1m\u00e1ra hozz\u00e1f\u00e9rhet\u0151nek kell lenni\u00fck. Ma Magyarorsz\u00e1gon azonban legfeljebb 28 500 forintos egy f\u0151re es\u0151 havi j\u00f6vedelem eset\u00e9n biztos\u00edtja az \u00e1llam az ingyenes jogi seg\u00edts\u00e9get, \u00e9s ennek hat\u00e1s\u00e1ra emberek t\u00f6megei esnek el ett\u0151l a lehet\u0151s\u00e9gt\u0151l.\u00a0 \u00a0C\u00e9lunk, hogy a korm\u00e1ny [&hellip;]","og_url":"https:\/\/szabadbirosag.hu\/","og_site_name":"Szabad B\u00edr\u00f3s\u00e1g","article_modified_time":"2024-10-16T09:53:11+00:00","twitter_card":"summary_large_image","twitter_misc":{"Becs\u00fclt olvas\u00e1si id\u0151":"1 perc"},"schema":{"@context":"https:\/\/schema.org","@graph":[{"@type":"WebPage","@id":"https:\/\/szabadbirosag.hu\/","url":"https:\/\/szabadbirosag.hu\/","name":"Szabad B\u00edr\u00f3s\u00e1g - Szabad B\u00edr\u00f3s\u00e1g","isPartOf":{"@id":"https:\/\/szabadbirosag.hu\/#website"},"datePublished":"2024-09-24T08:46:40+00:00","dateModified":"2024-10-16T09:53:11+00:00","breadcrumb":{"@id":"https:\/\/szabadbirosag.hu\/#breadcrumb"},"inLanguage":"hu","potentialAction":[{"@type":"ReadAction","target":["https:\/\/szabadbirosag.hu\/"]}]},{"@type":"BreadcrumbList","@id":"https:\/\/szabadbirosag.hu\/#breadcrumb","itemListElement":[{"@type":"ListItem","position":1,"name":"Home","item":"https:\/\/szabadbirosag.hu\/"},{"@type":"ListItem","position":2,"name":"Szabad B\u00edr\u00f3s\u00e1g"}]},{"@type":"WebSite","@id":"https:\/\/szabadbirosag.hu\/#website","url":"https:\/\/szabadbirosag.hu\/","name":"Szabad B\u00edr\u00f3s\u00e1g","description":"b\u00edr\u00f3s\u00e1ghoz fordulni szabad","publisher":{"@id":"https:\/\/szabadbirosag.hu\/#organization"},"potentialAction":[{"@type":"SearchAction","target":{"@type":"EntryPoint","urlTemplate":"https:\/\/szabadbirosag.hu\/?s={search_term_string}"},"query-input":{"@type":"PropertyValueSpecification","valueRequired":true,"valueName":"search_term_string"}}],"inLanguage":"hu"},{"@type":"Organization","@id":"https:\/\/szabadbirosag.hu\/#organization","name":"Szabad B\u00edr\u00f3s\u00e1g","url":"https:\/\/szabadbirosag.hu\/","logo":{"@type":"ImageObject","inLanguage":"hu","@id":"https:\/\/szabadbirosag.hu\/#\/schema\/logo\/image\/","url":"https:\/\/szabadbirosag.hu\/wp-content\/uploads\/2024\/09\/logo.png","contentUrl":"https:\/\/szabadbirosag.hu\/wp-content\/uploads\/2024\/09\/logo.png","width":596,"height":268,"caption":"Szabad B\u00edr\u00f3s\u00e1g"},"image":{"@id":"https:\/\/szabadbirosag.hu\/#\/schema\/logo\/image\/"}}]}},"jetpack_sharing_enabled":true,"_links":{"self":[{"href":"https:\/\/szabadbirosag.hu\/index.php?rest_route=\/wp\/v2\/pages\/2","targetHints":{"allow":["GET"]}}],"collection":[{"href":"https:\/\/szabadbirosag.hu\/index.php?rest_route=\/wp\/v2\/pages"}],"about":[{"href":"https:\/\/szabadbirosag.hu\/index.php?rest_route=\/wp\/v2\/types\/page"}],"author":[{"embeddable":true,"href":"https:\/\/szabadbirosag.hu\/index.php?rest_route=\/wp\/v2\/users\/1"}],"replies":[{"embeddable":true,"href":"https:\/\/szabadbirosag.hu\/index.php?rest_route=%2Fwp%2Fv2%2Fcomments&post=2"}],"version-history":[{"count":25,"href":"https:\/\/szabadbirosag.hu\/index.php?rest_route=\/wp\/v2\/pages\/2\/revisions"}],"predecessor-version":[{"id":102,"href":"https:\/\/szabadbirosag.hu\/index.php?rest_route=\/wp\/v2\/pages\/2\/revisions\/102"}],"wp:attachment":[{"href":"https:\/\/szabadbirosag.hu\/index.php?rest_route=%2Fwp%2Fv2%2Fmedia&parent=2"}],"curies":[{"name":"wp","href":"https:\/\/api.w.org\/{rel}","templated":true}]}}